{"id":5208,"date":"2024-12-19T08:24:16","date_gmt":"2024-12-19T08:24:16","guid":{"rendered":"https:\/\/wordpress.mkcl-com.hc.p34c3.de\/?page_id=5208"},"modified":"2025-09-16T12:34:48","modified_gmt":"2025-09-16T12:34:48","slug":"ausbildung","status":"publish","type":"page","link":"https:\/\/wordpress.mkcl-com.hc.p34c3.de\/en\/karriere\/ausbildung\/","title":{"rendered":"Ausbildung EN"},"content":{"rendered":"\n<div class=\"wp-block-cover alignfull is-light has-custom-content-position is-position-top-center\" style=\"min-height:530px;aspect-ratio:unset;\"><img loading=\"lazy\" decoding=\"async\" width=\"6000\" height=\"2571\" class=\"wp-block-cover__image-background wp-image-5459\" alt=\"\" src=\"https:\/\/wordpress.mkcl-com.hc.p34c3.de\/wp-content\/uploads\/2024\/11\/MKCL_Banner_Startseite-2.png\" data-object-fit=\"cover\" srcset=\"https:\/\/wordpress.mkcl-com.hc.p34c3.de\/wp-content\/uploads\/2024\/11\/MKCL_Banner_Startseite-2.png 6000w, https:\/\/wordpress.mkcl-com.hc.p34c3.de\/wp-content\/uploads\/2024\/11\/MKCL_Banner_Startseite-2-300x129.png 300w, https:\/\/wordpress.mkcl-com.hc.p34c3.de\/wp-content\/uploads\/2024\/11\/MKCL_Banner_Startseite-2-1024x439.png 1024w, https:\/\/wordpress.mkcl-com.hc.p34c3.de\/wp-content\/uploads\/2024\/11\/MKCL_Banner_Startseite-2-768x329.png 768w, https:\/\/wordpress.mkcl-com.hc.p34c3.de\/wp-content\/uploads\/2024\/11\/MKCL_Banner_Startseite-2-1536x658.png 1536w, https:\/\/wordpress.mkcl-com.hc.p34c3.de\/wp-content\/uploads\/2024\/11\/MKCL_Banner_Startseite-2-2048x878.png 2048w\" sizes=\"auto, (max-width: 6000px) 100vw, 6000px\" \/><span aria-hidden=\"true\" class=\"wp-block-cover__background has-custom-mkcl-blau-background-color has-background-dim-0 has-background-dim\"><\/span><div class=\"wp-block-cover__inner-container has-global-padding is-layout-constrained wp-block-cover-is-layout-constrained\">\n<div class=\"wp-block-group alignfull has-global-padding is-content-justification-right is-layout-constrained wp-container-core-group-is-layout-f1f2ed93 wp-block-group-is-layout-constrained\">\n<p class=\"has-text-align-right has-base-color has-text-color has-link-color wp-elements-d9eaf582436344e3891ba24a4749556d\"><a href=\"https:\/\/wordpress.mkcl-com.hc.p34c3.de\/angebot\/\">DE<\/a><\/p>\n<\/div>\n\n\n\n<div class=\"wp-block-group alignfull has-base-color has-text-color has-link-color has-medium-font-size wp-elements-86e987661c6f6bf9c01dea16e1cf2c90 is-content-justification-left is-nowrap is-layout-flex wp-container-core-group-is-layout-7a304d58 wp-block-group-is-layout-flex\" style=\"border-style:none;border-width:0px;border-radius:0px;min-height:0px;margin-top:0;margin-bottom:0;padding-top:0;padding-right:0;padding-bottom:0;padding-left:0\"><div class=\"is-style-rounded is-style-rounded--1 wp-block-site-logo wp-duotone-unset-2\"><a href=\"https:\/\/wordpress.mkcl-com.hc.p34c3.de\/en\/\" class=\"custom-logo-link\" rel=\"home\"><img loading=\"lazy\" decoding=\"async\" width=\"200\" height=\"200\" src=\"https:\/\/wordpress.mkcl-com.hc.p34c3.de\/wp-content\/uploads\/2026\/02\/MKCL-Logo.png\" class=\"custom-logo\" alt=\"MKCL Deutschland GmbH\" srcset=\"https:\/\/wordpress.mkcl-com.hc.p34c3.de\/wp-content\/uploads\/2026\/02\/MKCL-Logo.png 1000w, https:\/\/wordpress.mkcl-com.hc.p34c3.de\/wp-content\/uploads\/2026\/02\/MKCL-Logo-300x300.png 300w, https:\/\/wordpress.mkcl-com.hc.p34c3.de\/wp-content\/uploads\/2026\/02\/MKCL-Logo-150x150.png 150w, https:\/\/wordpress.mkcl-com.hc.p34c3.de\/wp-content\/uploads\/2026\/02\/MKCL-Logo-768x768.png 768w\" sizes=\"auto, (max-width: 200px) 100vw, 200px\" \/><\/a><\/div>\n\n<nav class=\"is-responsive items-justified-left wp-block-navigation is-content-justification-left is-layout-flex wp-container-core-navigation-is-layout-458daba3 wp-block-navigation-is-layout-flex\" aria-label=\"Navigation Rechtliches\" \n\t\t data-wp-interactive=\"core\/navigation\" data-wp-context='{\"overlayOpenedBy\":{\"click\":false,\"hover\":false,\"focus\":false},\"type\":\"overlay\",\"roleAttribute\":\"\",\"ariaLabel\":\"Menu\"}'><button aria-haspopup=\"dialog\" aria-label=\"Open menu\" class=\"wp-block-navigation__responsive-container-open\" \n\t\t\t\tdata-wp-on--click=\"actions.openMenuOnClick\"\n\t\t\t\tdata-wp-on--keydown=\"actions.handleMenuKeydown\"\n\t\t\t><svg width=\"24\" height=\"24\" xmlns=\"http:\/\/www.w3.org\/2000\/svg\" viewBox=\"0 0 24 24\" aria-hidden=\"true\" focusable=\"false\"><path d=\"M4 7.5h16v1.5H4z\"><\/path><path d=\"M4 15h16v1.5H4z\"><\/path><\/svg><\/button>\n\t\t\t\t<div class=\"wp-block-navigation__responsive-container\"  id=\"modal-3\" \n\t\t\t\tdata-wp-class--has-modal-open=\"state.isMenuOpen\"\n\t\t\t\tdata-wp-class--is-menu-open=\"state.isMenuOpen\"\n\t\t\t\tdata-wp-watch=\"callbacks.initMenu\"\n\t\t\t\tdata-wp-on--keydown=\"actions.handleMenuKeydown\"\n\t\t\t\tdata-wp-on--focusout=\"actions.handleMenuFocusout\"\n\t\t\t\ttabindex=\"-1\"\n\t\t\t>\n\t\t\t\t\t<div class=\"wp-block-navigation__responsive-close\" tabindex=\"-1\">\n\t\t\t\t\t\t<div class=\"wp-block-navigation__responsive-dialog\" \n\t\t\t\tdata-wp-bind--aria-modal=\"state.ariaModal\"\n\t\t\t\tdata-wp-bind--aria-label=\"state.ariaLabel\"\n\t\t\t\tdata-wp-bind--role=\"state.roleAttribute\"\n\t\t\t>\n\t\t\t\t\t\t\t<button aria-label=\"Close menu\" class=\"wp-block-navigation__responsive-container-close\" \n\t\t\t\tdata-wp-on--click=\"actions.closeMenuOnClick\"\n\t\t\t><svg xmlns=\"http:\/\/www.w3.org\/2000\/svg\" viewBox=\"0 0 24 24\" width=\"24\" height=\"24\" aria-hidden=\"true\" focusable=\"false\"><path d=\"m13.06 12 6.47-6.47-1.06-1.06L12 10.94 5.53 4.47 4.47 5.53 10.94 12l-6.47 6.47 1.06 1.06L12 13.06l6.47 6.47 1.06-1.06L13.06 12Z\"><\/path><\/svg><\/button>\n\t\t\t\t\t\t\t<div class=\"wp-block-navigation__responsive-container-content\" \n\t\t\t\tdata-wp-watch=\"callbacks.focusFirstElement\"\n\t\t\t id=\"modal-3-content\">\n\t\t\t\t\t\t\t\t<ul class=\"wp-block-navigation__container is-responsive items-justified-left wp-block-navigation\"><li class=\" wp-block-navigation-item wp-block-navigation-link\"><a class=\"wp-block-navigation-item__content\"  href=\"\/impressum\"><span class=\"wp-block-navigation-item__label\">Impressum<\/span><\/a><\/li><li class=\" wp-block-navigation-item wp-block-navigation-link\"><a class=\"wp-block-navigation-item__content\"  href=\"\/datenschutz-hinweis\"><span class=\"wp-block-navigation-item__label\">Datenschutz-Hinweis<\/span><\/a><\/li><\/ul>\n\t\t\t\t\t\t\t<\/div>\n\t\t\t\t\t\t<\/div>\n\t\t\t\t\t<\/div>\n\t\t\t\t<\/div><\/nav><\/div>\n\n\n\n<div style=\"height:20px\" aria-hidden=\"true\" class=\"wp-block-spacer\"><\/div>\n\n\n\n<div class=\"wp-block-group has-custom-mkcl-blau-color has-base-background-color has-text-color has-background has-link-color wp-elements-40e8dd1272ace5be72876b11a219e477 has-global-padding is-layout-constrained wp-container-core-group-is-layout-80fb368b wp-block-group-is-layout-constrained\" style=\"border-radius:25px;padding-top:var(--wp--preset--spacing--30);padding-right:var(--wp--preset--spacing--30);padding-bottom:var(--wp--preset--spacing--30);padding-left:var(--wp--preset--spacing--30)\">\n<h1 class=\"wp-block-heading has-text-align-center has-large-font-size\"><strong>Starte Deine Ausbildung bei MKCL!<\/strong><\/h1>\n\n\n\n<h1 class=\"wp-block-heading has-text-align-center has-large-font-size\">F\u00fcr das Jahr 2025 haben wir noch freie Ausbildungspl\u00e4tze!<\/h1>\n<\/div>\n<\/div><\/div>\n\n\n\n<div style=\"height:0px\" aria-hidden=\"true\" class=\"wp-block-spacer\"><\/div>\n\n\n\n<h2 class=\"wp-block-heading has-large-font-size\" id=\"mce_0\" style=\"margin-top:var(--wp--preset--spacing--30);margin-bottom:var(--wp--preset--spacing--30)\">Was wir Dir anbieten<\/h2>\n\n\n\n<div class=\"wp-block-columns is-layout-flex wp-container-core-columns-is-layout-28f84493 wp-block-columns-is-layout-flex\">\n<div class=\"wp-block-column is-layout-flow wp-block-column-is-layout-flow\">\n<ul class=\"wp-block-list\">\n<li>Gute Erreichbarkeit unseres Standortes mit \u00f6ffentlichen Verkehrsmitteln<\/li>\n\n\n\n<li>Ausbildungsbezogene Projekte<\/li>\n\n\n\n<li>Intensive Betreuung durch unsere Ausbilder<\/li>\n\n\n\n<li>Arbeiten mit der neusten Hard- und Software<\/li>\n\n\n\n<li>Gesamteinblick in das Unternehmen<\/li>\n\n\n\n<li>Kostenlose Getr\u00e4nke und Parkpl\u00e4tze<\/li>\n\n\n\n<li>Azubi-Events und Mitarbeiter-Veranstaltungen<\/li>\n\n\n\n<li>\u00dcbernahmegarantie (mind. 3 Monate)<\/li>\n<\/ul>\n<\/div>\n<\/div>\n\n\n\n<div style=\"height:50px\" aria-hidden=\"true\" class=\"wp-block-spacer\"><\/div>\n\n\n\n<h2 class=\"wp-block-heading has-large-font-size\" style=\"border-style:none;border-width:0px\">Unsere Ausbildungsberufe<\/h2>\n\n\n\n<div style=\"height:25px\" aria-hidden=\"true\" class=\"wp-block-spacer\"><\/div>\n\n\n\n<div class=\"wp-block-media-text alignfull is-stacked-on-mobile\" style=\"grid-template-columns:20% auto\"><figure class=\"wp-block-media-text__media\"><img loading=\"lazy\" decoding=\"async\" width=\"500\" height=\"334\" src=\"https:\/\/wordpress.mkcl-com.hc.p34c3.de\/wp-content\/uploads\/2020\/04\/B\u00fcrokauffrau.jpg\" alt=\"\" class=\"wp-image-2440 size-full\" srcset=\"https:\/\/wordpress.mkcl-com.hc.p34c3.de\/wp-content\/uploads\/2020\/04\/B\u00fcrokauffrau.jpg 500w, https:\/\/wordpress.mkcl-com.hc.p34c3.de\/wp-content\/uploads\/2020\/04\/B\u00fcrokauffrau-300x200.jpg 300w\" sizes=\"auto, (max-width: 500px) 100vw, 500px\" \/><\/figure><div class=\"wp-block-media-text__content\">\n<h2 class=\"wp-block-heading has-medium-font-size\"><strong>Kaufleute f\u00fcr B\u00fcromanangement<\/strong><\/h2>\n\n\n\n<p>Im B\u00fcromanagement lernst Du, wie man administrative Aufgaben organisiert und Prozesse in einem Unternehmen effizient gestaltet. Du bist Ansprechpartner f\u00fcr Kollegen und Kunden, koordinierst Termine und sorgst daf\u00fcr, dass das Tagesgesch\u00e4ft reibungslos l\u00e4uft.<\/p>\n<\/div><\/div>\n\n\n\n<div class=\"wp-block-media-text alignfull has-media-on-the-right is-stacked-on-mobile\" style=\"grid-template-columns:auto 20%\"><div class=\"wp-block-media-text__content\">\n<h2 class=\"wp-block-heading has-medium-font-size\"><strong>Fachinformatik Systemintegration\/ Anwendungsentwicklung<\/strong><\/h2>\n\n\n\n<p>In der Fachrichtung Systemintegration k\u00fcmmerst du dich um die Planung, Einrichtung und Wartung von IT-Systemen. Du sorgst daf\u00fcr, dass Netzwerke stabil laufen und bist der erste Ansprechpartner bei technischen Problemen. In der Anwendungsentwicklung steht das Programmieren im Fokus: Du entwickelst Softwarel\u00f6sungen, testest sie und passt bestehende Anwendungen an die Bed\u00fcrfnisse der Nutzer an. <\/p>\n<\/div><figure class=\"wp-block-media-text__media\"><img loading=\"lazy\" decoding=\"async\" width=\"500\" height=\"333\" src=\"https:\/\/wordpress.mkcl-com.hc.p34c3.de\/wp-content\/uploads\/2020\/04\/Fachinformatiker.jpg\" alt=\"\" class=\"wp-image-2441 size-full\" srcset=\"https:\/\/wordpress.mkcl-com.hc.p34c3.de\/wp-content\/uploads\/2020\/04\/Fachinformatiker.jpg 500w, https:\/\/wordpress.mkcl-com.hc.p34c3.de\/wp-content\/uploads\/2020\/04\/Fachinformatiker-300x200.jpg 300w\" sizes=\"auto, (max-width: 500px) 100vw, 500px\" \/><\/figure><\/div>\n\n\n\n<div class=\"wp-block-media-text alignfull is-stacked-on-mobile\" style=\"grid-template-columns:20% auto\"><figure class=\"wp-block-media-text__media\"><img loading=\"lazy\" decoding=\"async\" width=\"500\" height=\"333\" src=\"https:\/\/wordpress.mkcl-com.hc.p34c3.de\/wp-content\/uploads\/2020\/04\/Lagerlogistik.jpg\" alt=\"\" class=\"wp-image-2442 size-full\" srcset=\"https:\/\/wordpress.mkcl-com.hc.p34c3.de\/wp-content\/uploads\/2020\/04\/Lagerlogistik.jpg 500w, https:\/\/wordpress.mkcl-com.hc.p34c3.de\/wp-content\/uploads\/2020\/04\/Lagerlogistik-300x200.jpg 300w\" sizes=\"auto, (max-width: 500px) 100vw, 500px\" \/><\/figure><div class=\"wp-block-media-text__content\">\n<h2 class=\"wp-block-heading has-medium-font-size\"><strong>Fachkraft f\u00fcr Lagerlogistik<\/strong><\/h2>\n\n\n\n<p>Als Fachkraft f\u00fcr Lagerlogistik bist du Experte f\u00fcr die Organisation von Warenfl\u00fcssen. Du \u00fcbernimmst Verantwortung f\u00fcr die Annahme, Lagerung und den Versand von Waren \u2013 und sorgst daf\u00fcr, dass alles am richtigen Ort zur richtigen Zeit ankommt.<\/p>\n<\/div><\/div>\n\n\n\n<div class=\"wp-block-media-text alignfull has-media-on-the-right is-stacked-on-mobile\" style=\"grid-template-columns:auto 20%\"><div class=\"wp-block-media-text__content\">\n<h2 class=\"wp-block-heading has-medium-font-size\"><strong>IT-Systemelektronik<\/strong><\/h2>\n\n\n\n<p>In diesem Beruf bist du zust\u00e4ndig f\u00fcr die Planung und Einrichtung von IT- und Kommunikationssystemen. Du k\u00fcmmerst dich um die Installation, Konfiguration und Wartung der technischen Infrastruktur, wie Telefonanlagen oder Netzwerktechnik.<\/p>\n<\/div><figure class=\"wp-block-media-text__media\"><img loading=\"lazy\" decoding=\"async\" width=\"500\" height=\"333\" src=\"https:\/\/wordpress.mkcl-com.hc.p34c3.de\/wp-content\/uploads\/2020\/04\/Systemelektroniker.jpg\" alt=\"\" class=\"wp-image-2443 size-full\" srcset=\"https:\/\/wordpress.mkcl-com.hc.p34c3.de\/wp-content\/uploads\/2020\/04\/Systemelektroniker.jpg 500w, https:\/\/wordpress.mkcl-com.hc.p34c3.de\/wp-content\/uploads\/2020\/04\/Systemelektroniker-300x200.jpg 300w\" sizes=\"auto, (max-width: 500px) 100vw, 500px\" \/><\/figure><\/div>\n\n\n\n<div class=\"wp-block-media-text alignfull is-stacked-on-mobile\" style=\"grid-template-columns:20% auto\"><figure class=\"wp-block-media-text__media\"><img loading=\"lazy\" decoding=\"async\" width=\"1024\" height=\"683\" src=\"https:\/\/wordpress.mkcl-com.hc.p34c3.de\/wp-content\/uploads\/2024\/01\/fachinformatiker-fuer-daten-und-prozessanalyse-1024x683.jpg\" alt=\"\" class=\"wp-image-4643 size-full\"\/><\/figure><div class=\"wp-block-media-text__content\">\n<h2 class=\"wp-block-heading has-medium-font-size\"><strong>Fachinformatik Daten- und Prozessanalyse<\/strong><\/h2>\n\n\n\n<p>Daten und Prozesse sind dein Fachgebiet: Du analysierst Abl\u00e4ufe im Unternehmen, erkennst Optimierungspotenziale und entwickelst datenbasierte L\u00f6sungen, um Prozesse effizienter zu gestalten.<\/p>\n<\/div><\/div>\n\n\n\n<div class=\"wp-block-media-text alignfull has-media-on-the-right is-stacked-on-mobile\" style=\"grid-template-columns:auto 20%\"><div class=\"wp-block-media-text__content\">\n<p class=\"has-large-font-size\">Wir freuen uns auf deine&nbsp;Bewerbung!<\/p>\n\n\n\n<p>Hast Du noch Fragen? Dann melde Dich einfach bei unserer HR-Managerin Tanja Rietschel.<\/p>\n\n\n\n<p class=\"has-custom-mkcl-blau-color has-text-color has-link-color wp-elements-f93d8d167426a1008cf383159291956b\"><strong>Telefon:<\/strong>&nbsp;04531-1290140<\/p>\n\n\n\n<p class=\"has-custom-mkcl-blau-color has-text-color has-link-color wp-elements-92387d341a771f393c61282a3ab9d8e1\"><strong>Email:<\/strong>&nbsp;personal&#64;mkc&#108;&#46;&#100;&#101;<\/p>\n<\/div><figure class=\"wp-block-media-text__media\"><img loading=\"lazy\" decoding=\"async\" width=\"500\" height=\"500\" src=\"https:\/\/wordpress.mkcl-com.hc.p34c3.de\/wp-content\/uploads\/2025\/01\/Tanja_Rietschel_MKCL.jpg\" alt=\"\" class=\"wp-image-5405 size-full\" srcset=\"https:\/\/wordpress.mkcl-com.hc.p34c3.de\/wp-content\/uploads\/2025\/01\/Tanja_Rietschel_MKCL.jpg 500w, https:\/\/wordpress.mkcl-com.hc.p34c3.de\/wp-content\/uploads\/2025\/01\/Tanja_Rietschel_MKCL-300x300.jpg 300w, https:\/\/wordpress.mkcl-com.hc.p34c3.de\/wp-content\/uploads\/2025\/01\/Tanja_Rietschel_MKCL-150x150.jpg 150w\" sizes=\"auto, (max-width: 500px) 100vw, 500px\" \/><\/figure><\/div>\n","protected":false},"excerpt":{"rendered":"<p>Was wir Dir anbieten Unsere Ausbildungsberufe Kaufleute f\u00fcr B\u00fcromanangement Im B\u00fcromanagement lernst Du, wie man administrative Aufgaben organisiert und Prozesse in einem Unternehmen effizient gestaltet. Du bist Ansprechpartner f\u00fcr Kollegen und Kunden, koordinierst Termine und sorgst daf\u00fcr, dass das Tagesgesch\u00e4ft reibungslos l\u00e4uft. Fachinformatik Systemintegration\/ Anwendungsentwicklung In der Fachrichtung Systemintegration k\u00fcmmerst du dich um die Planung, [&hellip;]<\/p>\n","protected":false},"author":16,"featured_media":0,"parent":4897,"menu_order":0,"comment_status":"closed","ping_status":"closed","template":"wp-custom-template-page-mit-header-content-und-footer","meta":{"footnotes":""},"class_list":["post-5208","page","type-page","status-publish","hentry"],"translation":{"provider":"WPGlobus","version":"3.0.2","language":"en","enabled_languages":["de","en"],"languages":{"de":{"title":true,"content":true,"excerpt":false},"en":{"title":true,"content":true,"excerpt":false}}},"yoast_head":"<!-- This site is optimized with the Yoast SEO plugin v27.3 - https:\/\/yoast.com\/product\/yoast-seo-wordpress\/ -->\n<title>Ausbildung EN &#8211; MKCL Deutschland GmbH in Bad Oldesloe<\/title>\n<meta name=\"robots\" content=\"noindex, follow, max-snippet:-1, max-image-preview:large, max-video-preview:-1\" \/>\n<meta property=\"og:locale\" content=\"en_US\" \/>\n<meta property=\"og:type\" content=\"article\" \/>\n<meta property=\"og:title\" content=\"Ausbildung EN &#8211; MKCL Deutschland GmbH\" \/>\n<meta property=\"og:url\" content=\"https:\/\/wordpress.mkcl-com.hc.p34c3.de\/karriere\/ausbildung\/\" \/>\n<meta property=\"og:site_name\" content=\"MKCL Deutschland GmbH\" \/>\n<meta property=\"article:publisher\" content=\"https:\/\/www.facebook.com\/MKCLDeutschland\/\" \/>\n<meta property=\"article:modified_time\" content=\"2025-09-16T12:34:48+00:00\" \/>\n<meta property=\"og:image\" content=\"https:\/\/wordpress.mkcl-com.hc.p34c3.de\/wp-content\/uploads\/2025\/02\/MKCL_Karriere_neu-1024x683.png\" \/>\n<meta name=\"twitter:card\" content=\"summary_large_image\" \/>\n<meta name=\"twitter:label1\" content=\"Est. reading time\" \/>\n\t<meta name=\"twitter:data1\" content=\"3 minutes\" \/>\n<script type=\"application\/ld+json\" class=\"yoast-schema-graph\">{\"@context\":\"https:\\\/\\\/schema.org\",\"@graph\":[{\"@type\":\"WebPage\",\"@id\":\"https:\\\/\\\/wordpress.mkcl-com.hc.p34c3.de\\\/karriere\\\/ausbildung\\\/\",\"url\":\"https:\\\/\\\/wordpress.mkcl-com.hc.p34c3.de\\\/karriere\\\/ausbildung\\\/\",\"name\":\"Ausbildung EN &#8211; MKCL Deutschland GmbH in Bad Oldesloe\",\"isPartOf\":{\"@id\":\"https:\\\/\\\/wordpress.mkcl-com.hc.p34c3.de\\\/#website\"},\"primaryImageOfPage\":{\"@id\":\"https:\\\/\\\/wordpress.mkcl-com.hc.p34c3.de\\\/karriere\\\/ausbildung\\\/#primaryimage\"},\"image\":{\"@id\":\"https:\\\/\\\/wordpress.mkcl-com.hc.p34c3.de\\\/karriere\\\/ausbildung\\\/#primaryimage\"},\"thumbnailUrl\":\"https:\\\/\\\/wordpress.mkcl-com.hc.p34c3.de\\\/wp-content\\\/uploads\\\/2025\\\/02\\\/MKCL_Karriere_neu-1024x683.png\",\"datePublished\":\"2024-12-19T08:24:16+00:00\",\"dateModified\":\"2025-09-16T12:34:48+00:00\",\"description\":\"Unsere Ausbildungsberufe: Kaufleute f\u00fcr B\u00fcromanangement, Fachinformatik Systemintegration\\\/ Anwendungstechnik, Fachkraft f\u00fcr Lagerlogistik, IT-Systemelektronik und Fachinformatik Daten- und Prozessanalyse.\",\"breadcrumb\":{\"@id\":\"https:\\\/\\\/wordpress.mkcl-com.hc.p34c3.de\\\/karriere\\\/ausbildung\\\/#breadcrumb\"},\"inLanguage\":\"en-US\",\"potentialAction\":[{\"@type\":\"ReadAction\",\"target\":[\"https:\\\/\\\/wordpress.mkcl-com.hc.p34c3.de\\\/karriere\\\/ausbildung\\\/\"]}]},{\"@type\":\"ImageObject\",\"inLanguage\":\"en-US\",\"@id\":\"https:\\\/\\\/wordpress.mkcl-com.hc.p34c3.de\\\/karriere\\\/ausbildung\\\/#primaryimage\",\"url\":\"https:\\\/\\\/wordpress.mkcl-com.hc.p34c3.de\\\/wp-content\\\/uploads\\\/2025\\\/02\\\/MKCL_Karriere_neu-1024x683.png\",\"contentUrl\":\"https:\\\/\\\/wordpress.mkcl-com.hc.p34c3.de\\\/wp-content\\\/uploads\\\/2025\\\/02\\\/MKCL_Karriere_neu-1024x683.png\"},{\"@type\":\"BreadcrumbList\",\"@id\":\"https:\\\/\\\/wordpress.mkcl-com.hc.p34c3.de\\\/karriere\\\/ausbildung\\\/#breadcrumb\",\"itemListElement\":[{\"@type\":\"ListItem\",\"position\":1,\"name\":\"Startseite\",\"item\":\"https:\\\/\\\/wordpress.mkcl-com.hc.p34c3.de\\\/\"},{\"@type\":\"ListItem\",\"position\":2,\"name\":\"Karriere\",\"item\":\"https:\\\/\\\/wordpress.mkcl-com.hc.p34c3.de\\\/karriere\\\/\"},{\"@type\":\"ListItem\",\"position\":3,\"name\":\"Ausbildung\"}]},{\"@type\":\"WebSite\",\"@id\":\"https:\\\/\\\/wordpress.mkcl-com.hc.p34c3.de\\\/#website\",\"url\":\"https:\\\/\\\/wordpress.mkcl-com.hc.p34c3.de\\\/\",\"name\":\"MKCL Deutschland GmbH\",\"description\":\"Simplifies Your Business\",\"publisher\":{\"@id\":\"https:\\\/\\\/wordpress.mkcl-com.hc.p34c3.de\\\/#organization\"},\"potentialAction\":[{\"@type\":\"SearchAction\",\"target\":{\"@type\":\"EntryPoint\",\"urlTemplate\":\"https:\\\/\\\/wordpress.mkcl-com.hc.p34c3.de\\\/?s={search_term_string}\"},\"query-input\":{\"@type\":\"PropertyValueSpecification\",\"valueRequired\":true,\"valueName\":\"search_term_string\"}}],\"inLanguage\":\"en-US\"},{\"@type\":\"Organization\",\"@id\":\"https:\\\/\\\/wordpress.mkcl-com.hc.p34c3.de\\\/#organization\",\"name\":\"MKCL Deutschland GmbH\",\"url\":\"https:\\\/\\\/wordpress.mkcl-com.hc.p34c3.de\\\/\",\"logo\":{\"@type\":\"ImageObject\",\"inLanguage\":\"en-US\",\"@id\":\"https:\\\/\\\/wordpress.mkcl-com.hc.p34c3.de\\\/#\\\/schema\\\/logo\\\/image\\\/\",\"url\":\"https:\\\/\\\/wordpress.mkcl-com.hc.p34c3.de\\\/wp-content\\\/uploads\\\/2026\\\/02\\\/MKCL-Logo.png\",\"contentUrl\":\"https:\\\/\\\/wordpress.mkcl-com.hc.p34c3.de\\\/wp-content\\\/uploads\\\/2026\\\/02\\\/MKCL-Logo.png\",\"width\":1000,\"height\":1000,\"caption\":\"MKCL Deutschland GmbH\"},\"image\":{\"@id\":\"https:\\\/\\\/wordpress.mkcl-com.hc.p34c3.de\\\/#\\\/schema\\\/logo\\\/image\\\/\"},\"sameAs\":[\"https:\\\/\\\/www.facebook.com\\\/MKCLDeutschland\\\/\"]}]}<\/script>\n<!-- \/ Yoast SEO plugin. -->","yoast_head_json":{"title":"Ausbildung EN &#8211; MKCL Deutschland GmbH in Bad Oldesloe","robots":{"index":"noindex","follow":"follow","max-snippet":"max-snippet:-1","max-image-preview":"max-image-preview:large","max-video-preview":"max-video-preview:-1"},"og_locale":"en_US","og_type":"article","og_title":"Ausbildung EN &#8211; MKCL Deutschland GmbH","og_url":"https:\/\/wordpress.mkcl-com.hc.p34c3.de\/karriere\/ausbildung\/","og_site_name":"MKCL Deutschland GmbH","article_publisher":"https:\/\/www.facebook.com\/MKCLDeutschland\/","article_modified_time":"2025-09-16T12:34:48+00:00","og_image":[{"url":"https:\/\/wordpress.mkcl-com.hc.p34c3.de\/wp-content\/uploads\/2025\/02\/MKCL_Karriere_neu-1024x683.png","type":"","width":"","height":""}],"twitter_card":"summary_large_image","twitter_misc":{"Est. reading time":"3 minutes"},"schema":{"@context":"https:\/\/schema.org","@graph":[{"@type":"WebPage","@id":"https:\/\/wordpress.mkcl-com.hc.p34c3.de\/karriere\/ausbildung\/","url":"https:\/\/wordpress.mkcl-com.hc.p34c3.de\/karriere\/ausbildung\/","name":"Ausbildung EN &#8211; MKCL Deutschland GmbH in Bad Oldesloe","isPartOf":{"@id":"https:\/\/wordpress.mkcl-com.hc.p34c3.de\/#website"},"primaryImageOfPage":{"@id":"https:\/\/wordpress.mkcl-com.hc.p34c3.de\/karriere\/ausbildung\/#primaryimage"},"image":{"@id":"https:\/\/wordpress.mkcl-com.hc.p34c3.de\/karriere\/ausbildung\/#primaryimage"},"thumbnailUrl":"https:\/\/wordpress.mkcl-com.hc.p34c3.de\/wp-content\/uploads\/2025\/02\/MKCL_Karriere_neu-1024x683.png","datePublished":"2024-12-19T08:24:16+00:00","dateModified":"2025-09-16T12:34:48+00:00","description":"Unsere Ausbildungsberufe: Kaufleute f\u00fcr B\u00fcromanangement, Fachinformatik Systemintegration\/ Anwendungstechnik, Fachkraft f\u00fcr Lagerlogistik, IT-Systemelektronik und Fachinformatik Daten- und Prozessanalyse.","breadcrumb":{"@id":"https:\/\/wordpress.mkcl-com.hc.p34c3.de\/karriere\/ausbildung\/#breadcrumb"},"inLanguage":"en-US","potentialAction":[{"@type":"ReadAction","target":["https:\/\/wordpress.mkcl-com.hc.p34c3.de\/karriere\/ausbildung\/"]}]},{"@type":"ImageObject","inLanguage":"en-US","@id":"https:\/\/wordpress.mkcl-com.hc.p34c3.de\/karriere\/ausbildung\/#primaryimage","url":"https:\/\/wordpress.mkcl-com.hc.p34c3.de\/wp-content\/uploads\/2025\/02\/MKCL_Karriere_neu-1024x683.png","contentUrl":"https:\/\/wordpress.mkcl-com.hc.p34c3.de\/wp-content\/uploads\/2025\/02\/MKCL_Karriere_neu-1024x683.png"},{"@type":"BreadcrumbList","@id":"https:\/\/wordpress.mkcl-com.hc.p34c3.de\/karriere\/ausbildung\/#breadcrumb","itemListElement":[{"@type":"ListItem","position":1,"name":"Startseite","item":"https:\/\/wordpress.mkcl-com.hc.p34c3.de\/"},{"@type":"ListItem","position":2,"name":"Karriere","item":"https:\/\/wordpress.mkcl-com.hc.p34c3.de\/karriere\/"},{"@type":"ListItem","position":3,"name":"Ausbildung"}]},{"@type":"WebSite","@id":"https:\/\/wordpress.mkcl-com.hc.p34c3.de\/#website","url":"https:\/\/wordpress.mkcl-com.hc.p34c3.de\/","name":"MKCL Deutschland GmbH","description":"Simplifies Your Business","publisher":{"@id":"https:\/\/wordpress.mkcl-com.hc.p34c3.de\/#organization"},"potentialAction":[{"@type":"SearchAction","target":{"@type":"EntryPoint","urlTemplate":"https:\/\/wordpress.mkcl-com.hc.p34c3.de\/?s={search_term_string}"},"query-input":{"@type":"PropertyValueSpecification","valueRequired":true,"valueName":"search_term_string"}}],"inLanguage":"en-US"},{"@type":"Organization","@id":"https:\/\/wordpress.mkcl-com.hc.p34c3.de\/#organization","name":"MKCL Deutschland GmbH","url":"https:\/\/wordpress.mkcl-com.hc.p34c3.de\/","logo":{"@type":"ImageObject","inLanguage":"en-US","@id":"https:\/\/wordpress.mkcl-com.hc.p34c3.de\/#\/schema\/logo\/image\/","url":"https:\/\/wordpress.mkcl-com.hc.p34c3.de\/wp-content\/uploads\/2026\/02\/MKCL-Logo.png","contentUrl":"https:\/\/wordpress.mkcl-com.hc.p34c3.de\/wp-content\/uploads\/2026\/02\/MKCL-Logo.png","width":1000,"height":1000,"caption":"MKCL Deutschland GmbH"},"image":{"@id":"https:\/\/wordpress.mkcl-com.hc.p34c3.de\/#\/schema\/logo\/image\/"},"sameAs":["https:\/\/www.facebook.com\/MKCLDeutschland\/"]}]}},"_links":{"self":[{"href":"https:\/\/wordpress.mkcl-com.hc.p34c3.de\/en\/wp-json\/wp\/v2\/pages\/5208","targetHints":{"allow":["GET"]}}],"collection":[{"href":"https:\/\/wordpress.mkcl-com.hc.p34c3.de\/en\/wp-json\/wp\/v2\/pages"}],"about":[{"href":"https:\/\/wordpress.mkcl-com.hc.p34c3.de\/en\/wp-json\/wp\/v2\/types\/page"}],"author":[{"embeddable":true,"href":"https:\/\/wordpress.mkcl-com.hc.p34c3.de\/en\/wp-json\/wp\/v2\/users\/16"}],"replies":[{"embeddable":true,"href":"https:\/\/wordpress.mkcl-com.hc.p34c3.de\/en\/wp-json\/wp\/v2\/comments?post=5208"}],"version-history":[{"count":45,"href":"https:\/\/wordpress.mkcl-com.hc.p34c3.de\/en\/wp-json\/wp\/v2\/pages\/5208\/revisions"}],"predecessor-version":[{"id":6344,"href":"https:\/\/wordpress.mkcl-com.hc.p34c3.de\/en\/wp-json\/wp\/v2\/pages\/5208\/revisions\/6344"}],"up":[{"embeddable":true,"href":"https:\/\/wordpress.mkcl-com.hc.p34c3.de\/en\/wp-json\/wp\/v2\/pages\/4897"}],"wp:attachment":[{"href":"https:\/\/wordpress.mkcl-com.hc.p34c3.de\/en\/wp-json\/wp\/v2\/media?parent=5208"}],"curies":[{"name":"wp","href":"https:\/\/api.w.org\/{rel}","templated":true}]}}